{"id":369,"date":"2020-05-05T09:10:35","date_gmt":"2020-05-05T09:10:35","guid":{"rendered":"https:\/\/securedd.nl\/datenschutzhinweise\/"},"modified":"2020-05-05T09:10:39","modified_gmt":"2020-05-05T09:10:39","slug":"datenschutzhinweise","status":"publish","type":"page","link":"https:\/\/securedd.nl\/de\/datenschutzhinweise\/","title":{"rendered":"Datenschutzhinweise"},"content":{"rendered":"\n<p><p><strong>SECUREDD nimmt den Schutz Ihrer Daten ernst.<\/strong><\/p><\/p>\n\n<p>Nach den zur Zeit in den Niederlanden geltenden Datenschutzgesetzen wird Marketing-Information, die w\u00e4hrend Ihres Besuchs auf unserer Seite und\/oder Ihres Kontaktes mit uns gesammelt wird, von uns aufgezeichnet und kontrolliert. Somit sind wir der Datenverantwortliche f\u00fcr die Art von Daten. Die Basis f\u00fcr die Verarbeitung dieses Datentyps ist berechtigtes Interesse. Ihre Daten werden f\u00fcr einen Zeitraum von zwei Jahren nach Ihrem letzten Kontakt mit uns gespeichert. Sie behalten das Recht, sich gegen diese Art von Kommunikation zu entscheiden, wenn Sie dies w\u00fcnschen.<\/p>\n\n<p>Die Informationen, die wir von Ihnen sammeln, wenn Sie sich daf\u00fcr entscheiden, uns diese \u00fcber diese Webseite zur Verf\u00fcgung zu stellen, erlauben es uns, Ihnen Informationen \u00fcber Produkte und Dienstleistungen zuzusenden. Indem Sie uns Ihre Informationen sowie Ihre Zustimmung zur Verf\u00fcgung stellen und Ihre bevorzugte Kommunikationsmethode ausw\u00e4hlen, stimmen Sie zu, dass wir die besagten Informationen f\u00fcr diesen Zweck verarbeiten.  Wir werden sie nicht an dritte Parteien weitergeben. Sie behalten das Recht, sich gegen diese Art von Kommunikation zu entscheiden. F\u00fcr Daten zur Lieferung von eSafe, eDocuments und\/oder sicherer E-Mail-L\u00f6sungen sind wir der Datenverarbeiter. Informationen, die uns als Ergebnis einer Vereinbarung, Dienstleistungen zu erbringen, zur Verf\u00fcgung gestellt werden, werden nur f\u00fcr den Zweck verarbeitet, um die Anforderungen der Vereinbarung zu erf\u00fcllen. Die gesetzliche Basis, diesen Datentyp zu verarbeiten, ist eine vertragliche Verpflichtung. Ihre Daten werden auf Servern innerhalb der EU gespeichert. Ihre Daten werden der Aufbewahrungsregelung Ihrer Organisation gem\u00e4\u00df gespeichert und nur nach der spezifischen Anweisung des Datenverwalters entfernt. Ihre Daten werden ohne explizite, schriftliche Erlaubnis von Ihrem Datenverwalter nicht in ein Land au\u00dferhalb der EU weitergeleitet und dann auch nur, wenn die entsprechenden Sicherheitsvorkehrungen, wie sie im Datenschutzgesetz Gro\u00dfbritanniens gefordert werden, getroffen sind.<\/p>\n\n<p>Durch den Besuch unserer Webseite akzeptieren Sie die Vorgehensweisen, die in dieser Erkl\u00e4rung beschrieben werden, und stimmen ihnen zu.<\/p>\n\n<h3><ol><li><strong>INFORMATIONEN, DIE WIR VON IHNEN SAMMELN K\u00d6NNEN<\/strong><\/li>&#13;\n<\/ol><\/h3>\n\n<p>Wir k\u00f6nnen die folgenden Daten \u00fcber Sie sammeln und verarbeiten:<\/p>\n\n<ul><li><p>Informationen, die Sie uns bereitstellen. Sie k\u00f6nnen uns Informationen \u00fcber sich geben, indem Sie unsere Formulare auf unserer Webseite (<a href=\"http:\/\/www.sslpost.com\/\">www.SecureDD.nl,\u00a0<\/a>secure.SecureDD.nl oder andere sichere Anwendungen zum Web-Dokumentversand, die Ihrer Firma von SecureDD zur Verf\u00fcgung gestellt werden)(unser Standort, Ihre Standorte) ausf\u00fcllen oder indem Sie mit uns via Telefon, E-Mail oder auf andere Art und Weise kommunizieren. Dazu geh\u00f6ren auch Informationen, die Sie uns zur Verf\u00fcgung stellen, wenn Sie sich f\u00fcr die Nutzung unserer Seite registrieren, sich f\u00fcr einen regul\u00e4ren Newsletter anmelden, an Forschungsaktivit\u00e4ten teilnehmen, sich f\u00fcr L\u00f6sungen f\u00fcr sicheren E-Mail-Versand oder elektronische Gehaltsabrechnungen, Informationsdienstleistungen, ein Webforum oder eine Beratung anmelden, nach einem Produkt suchen und wenn Sie ein Problem mit unserer Seite oder unserer L\u00f6sung melden, uns bitten, Sie zu kontaktieren oder Sie uns auf andere Art und Weise kontaktieren. Zu den Informationen, die Sie uns geben, k\u00f6nnen Ihr Name, Ihre Adresse, Ihre E-Mail-Adresse, Ihre Telefonnummer geh\u00f6ren. F\u00fcr Prozesse bez\u00fcglich der Registrierung von L\u00f6sungen k\u00f6nnen auch Ihre nationale Versicherungsnummer und\/oder Ihre Lohnlistennummer geh\u00f6ren.<\/p><\/li><li>Informationen, die wir \u00fcber Sie sammeln. Bei jedem Ihrer Besuche auf unserer Webseite www.securedd.nl oder unserer Web-Anwendung k\u00f6nnen wir automatisch die folgenden Informationen sammeln:<ul><li>technische Informationen, inklusive der Internet-Protokoll (IP)-Adresse, die verwendet wird, um Ihren Computer mit dem Internet zu verbinden, Ihre Login-Informationen, Browsertyp und Version, Zeitzoneneinstellungen, Browser Plugin Typen und Versionen, Betriebssystem und Plattform; <\/li><li>Informationen \u00fcber Ihren Besuch, inklusive des Uniform Resource Locators (URL) Clickstreams zu, durch und von unserer Seite (inklusive Datum und Zeit); Seiten, die Sie besucht oder nach denen Sie gesucht haben; Antwortzeiten der Seite, Downloadfehler, Besuchsdauer auf bestimmten Seiten, Informationen \u00fcber Ihre Interaktionen auf der Seite (wie Scrollen, Klicks und Mouse-Overs), Methoden zum Verlassen der Seite, wenn Sie sich von einer anderen Webseite aus mit unserer Seite verbunden haben, dann die Adresse dieser Webseite, wenn Sie sich \u00fcber eine Suchmaschine mit unserer Seite verbunden haben, dann die Adresse dieser Suchmaschine und den Suchbegriff, den Sie verwendet haben.<\/li><\/ul><\/li><li>Wenn Sie SecureDD L\u00f6sungen verwenden, dann \u00fcberpr\u00fcfen wir nicht routinem\u00e4\u00dfig Ihre Aktivit\u00e4t, nachdem Sie sich angemeldet haben, um Ihre Dokumente zu sehen. Es werden jedoch Aktivit\u00e4tsdaten f\u00fcr Ihren Firmen-Administrator gesammelt. Wenn Ihre Firma Daten im Stil von Google Analytics angefordert hat, dann k\u00f6nnen diese auch von uns f\u00fcr Analysezwecke f\u00fcr Ihren Firmen-Administrator gesammelt werden. Bitte kontaktieren Sie Ihren Administrator, um festzustellen, ob diese Option aktiviert worden ist.<\/li><li>Informationen, die wir aus anderen Quellen erhalten. Wir k\u00f6nnen Informationen \u00fcber Sie erhalten, wenn Sie eine andere Webseite oder andere Dienstleistungen, die von uns betrieben werden, besuchen. Wir arbeiten auch eng mit dritten Parteien zusammen (darunter beispielsweise Gesch\u00e4ftspartner, Subunternehmer, Hostinganbieter, Analyseanbieter, Anbieter von Suchmaschinen)<\/li><\/ul>\n<h3><p><strong>2. WIE DIE INFORMATIONEN VERWENDET WERDEN<\/strong><\/p><\/h3>\n\n<p>Wir verwenden die Informationen, die wir \u00fcber Sie gespeichert haben, folgenderma\u00dfen:<\/p>\n\n<ul><li>Informationen, die Sie uns zur Verf\u00fcgung stellen. Wir k\u00f6nnen diese Informationen daf\u00fcr benutzen, unsere Verpflichtungen, die aus Vertr\u00e4gen zwischen Ihnen und uns oder zwischen uns und Ihrem Datenverwalter entstehen, zu erf\u00fcllen, um Ihnen die Informationen, Produkte und Dienstleistungen, die Sie von uns anfordern, zur Verf\u00fcgung zu stellen, um Sie \u00fcber \u00c4nderungen zu informieren oder um Vorschl\u00e4ge und<\/li><li>Empfehlungen \u00fcber unsere Produkte und Dienstleistungen zu machen, die Sie interessieren k\u00f6nnten, oder um sicherzustellen, dass der Inhalt unserer Seite so effektiv wie nur m\u00f6glich f\u00fcr Sie und auf Ihrem Computer pr\u00e4sentiert wird.<\/li><li>Informationen, die wir \u00fcber Sie sammeln. Wir werden diese Informationen auf eine oder mehrere Weisen wie folgt nutzen;<\/li><li>um unsere Webseite zu verwalten<\/li><li>um gem\u00e4\u00df eines Vertrags oder einer Vereinbarung Dienstleistungen zur Verf\u00fcgung zu stellen;<\/li><li>um unsere Seite zu verbessern, um sicherzustellen, dass der Inhalt so effektiv wie m\u00f6glich f\u00fcr Sie und auf Ihrem Computer pr\u00e4sentiert wird;<\/li><li>um die \u00dcberpr\u00fcfung, dass Sie ein Mensch und kein Roboter sind, zu erm\u00f6glichen (reCAPTCHA)<\/li><li>um es Ihnen zu erm\u00f6glichen, interaktive Funktionen unserer Dienstleistungen zu nutzen, wenn Sie dies m\u00f6chten;<\/li><li>um Forschung zu betreiben, wo die Erlaubnis erteilt wurde, oder um generische Forschung zu betreiben, f\u00fcr die keine pers\u00f6nlichen Daten notwendig sind;<\/li><li>um Ihrem Datenverwalter Aktivit\u00e4tsinformationen zur Verf\u00fcgung zu stellen, damit er die Dienstleistungen, die wir bieten, verwalten kann;<\/li><li>als Teil unserer Bem\u00fchungen, die Sicherheit unserer Seite zu erhalten<\/li><li>um Marketingaktivit\u00e4ten, die wir Ihnen und anderen zur Verf\u00fcgung stellen, zu erfassen und zu verstehen und um Ihnen relevante Marketingaktivit\u00e4ten anzubieten;<\/li><li>um Ihnen und anderen Nutzern unserer Seite Empfehlungen zu geben und Vorschl\u00e4ge zu machen bez\u00fcglich G\u00fcter und Dienstleistungen, die Sie oder die anderen Nutzer interessieren k\u00f6nnten.<\/li><li>Informationen, die wir von anderen Quellen erhalten. Wir k\u00f6nnen diese Informationen mit den Informationen, die Sie uns zur Verf\u00fcgung stellen und den Informationen, die wir \u00fcber Sie sammeln, kombinieren. Wir k\u00f6nnen diese Informationen und die kombinierten Informationen f\u00fcr die obenstehenden Zwecke benutzen (je nach Art der Informationen, die wir erhalten).<\/li><\/ul>\n<p>Wo wir Dienstleistungen gem\u00e4\u00df eines Vertrags oder einer Vereinbarung zur Verf\u00fcgung stellen, k\u00f6nnen wir Daten in \u00dcbereinstimmung mit dem Vertrag oder der Vereinbarung verarbeiten. Mitarbeiter von SecureDD ben\u00f6tigen von Zeit zu Zeit aus legitimen Gesch\u00e4ftsgr\u00fcnden Zugang zu Ihren Daten, z.B. um Ihnen bei einer Supportanfrage zu helfen oder Nachforschungen bez\u00fcglich eines Problems, mit dem Sie sich an uns wenden, anzustellen und um es zu l\u00f6sen. Wenn Sie ein Arbeitgeber oder ein Gehaltsabrechnungsb\u00fcro sind, dann m\u00fcssen Sie Ihre Kunden\/Mitarbeiter \u00fcber dies informieren.<\/p>\n\n<h3><p><strong>3. COOKIES<\/strong><\/p><\/h3>\n\n<p><p>Cookies sind kleine Textdateien, die von unserer Webseite verwendet werden, um die Erfahung unserer Nutzer effizienter zu machen. Das aktuelle Cookie-Gesetz der EU (<a href=\"http:\/\/www.ico.org.uk\/for_organisations\/privacy_and_electronic_communications\/the_guide\/cookies\">weitere Informationen<\/a>) besagt, dass wir Cookies auf Ihrem Ger\u00e4t speichern k\u00f6nnen, wenn Sie essentiell f\u00fcr den Betrieb unserer Webseite sind, aber dass wir f\u00fcr alle anderen Ihre Erlaubnis ben\u00f6tigen. SecureDD verwendet einige nicht-essentielle Cookies.<\/p><\/p>\n\n<p><p>Um mehr \u00fcber Cookies zu erfahren, unter anderem, was Cookies sind, wie sie arbeiten und wie man sie blockiert oder l\u00f6scht, besuchen Sie bitte <a href=\"http:\/\/www.aboutcookies.org\/\">www.aboutcookies.org\u00a0<\/a> f\u00fcr detaillierte Informationen.<\/p><\/p>\n\n<p>Die folgenden Informationen beschreiben die Cookies, die SecureDD momentan auf dieser Webseite verwendet und f\u00fcr was wir sie verwenden.<\/p>\n\n<p><p><strong>Sitzungscookies<\/strong><\/p><\/p>\n\n<p><p>Wir benutzen Sitzungscookies, um uns zu merken, was Sie sich angesehen haben und welche Aktivit\u00e4ten Sie ausgef\u00fchrt haben. Wenn diese deaktiviert werden, werden verschiedene Funktionen der Webseite nicht verf\u00fcgbar sein und es kann sein, dass Sie den Zweck Ihres Besuchs auf unserer Webseite nicht erf\u00fcllen k\u00f6nnen. Weitere Informationen \u00fcber Sitzungscookies und dar\u00fcber, wof\u00fcr sie benutzt werden, finden Sie auf <a href=\"http:\/\/www.aboutcookies.org\/\">www.allaboutcookies.org<\/a>.<\/p><\/p>\n\n<p><p><strong>Dauerhafte Cookies (Google Analytics und reCAPTCHA)<\/strong><\/p><\/p>\n\n<p>Wir verwenden Google Analytics, einen beliebten Webanalysedienst, der von Google, Inc. zur Verf\u00fcgung gestellt wird. Google Analytics verwendet Cookies, um uns dabei zu helfen zu analysieren, wie Nutzer unsere Webseite benutzen. Es z\u00e4hlt die Anzahl der Besucher und teilt uns allgemein Dinge \u00fcber deren Verhalten mit \u2013 wie beispielsweise \u00fcber die Zeit, die sie im Durchschnitt auf der Webseite verbringen oder die durchschnittliche Anzahl an Seiten, die ein Nutzer besucht.<\/p>\n\n<p>Wir verwenden auch reCAPTCHA, um zu verifizieren, dass Sie eine echte Person sind und kein Roboter. Auch dies sendet Informationen an Google, um die Funktion zu aktivieren.<\/p>\n\n<p>Die Informationen, die von dem Cookie \u00fcber Ihre Nutzung unserer Webseite generiert werden (inklusive Ihrer IP-Adresse), werden an Google \u00fcbertragen und auf dessen Servern in den USA gespeichert. Google wird diese Informationen zum Zweck der Auswertung Ihres Besuchs auf unserer Webseite nutzen, um Berichte \u00fcber die Webseitenaktivit\u00e4t zusammenzustellen und um andere Dienstleistungen in Zusammenhang mit der Webseitenaktivit\u00e4t und der Internetnutzung zur Verf\u00fcgung zu stellen.<\/p>\n\n<p><p>Google kann diese Informationen auch and dritte Parteien weiterleiten, wenn dies gesetzlich vorgeschrieben ist, oder wenn solche dritte Parteien die Informationen im Auftrag von Google verarbeiten. Google assoziiert Ihre IP-Adresse mit keinen anderen von Google gespeicherten Daten. Sie k\u00f6nnen mehr \u00fcber Googles Datenschutzrichtlinien in Zusammenhang mit Ihrem Analyseservice auf <a href=\"http:\/\/www.google.co.uk\/intl\/en\/analytics\/privacyoverview.html\">www.google.co.uk\/intl\/en\/analytics\/privacyoverview.html<\/a> erfahren.\u00a0<\/p><\/p>\n\n<p><p>Wenn Adobe Flash auf Ihrem Computer installiert ist (wie es auf den meisten Computern der Fall ist) und Sie SecureDD Audio- oder Videoplayer benutzen, dann wird Google Analytics versuchen, zus\u00e4tzliche Daten auf Ihrem Computer zu speichern. Diese Daten werden lokal freigegebene Objekte oder Flash-Cookies genannt. Dies hilft uns dabei, die Beliebtheit unserer Mediendateien zu analysieren. Wir k\u00f6nnen z\u00e4hlen, wie oft jede Datei abgespielt wird; wieviele Personen Videos bis zum Ende ansehen <a href=\"http:\/\/www.macromedia.com\/support\/documentation\/en\/flashplayer\/help\/settings_manager07.html\" target=\"_blank\" rel=\"noopener noreferrer\">und wieviele Leute das Video nicht zu Ende ansehen. Adobes Webseite bietet Tools, um Flash-Cookies auf Ihrem Computer zu kontrollieren.\u00a0<\/a><\/p><\/p>\n\n<p><p><strong>Social Buttons<\/strong><\/p><\/p>\n\n<p>Sie sollten sich bewusst sein, dass diese Seiten wahrscheinlich Informationen \u00fcber Ihr Verhalten im Internet, inklusive auf unserer Seite, sammeln. Wenn Sie also auf einen dieser Buttons klicken, dann werden diese Webseiten diese Aktivit\u00e4t registrieren und k\u00f6nnen diese Information verwenden. In einigen F\u00e4llen werden diese Seiten die Tatsache registrieren, dass Sie SecureDD.nl besuchen und die bestimmten Seiten, auf denen Sie sich aufhalten, sogar wenn Sie nicht auf den Butten klicken, aber bei einer derer Dienstleistungen angemeldet sind, wie Google oder Facebook. Sie sollten die entsprechenden Richtlinien jeder dieser Seiten \u00fcberpr\u00fcfen, um herauszufinden, wie genau diese Ihre Informationen verwenden und wie Sie sich abmelden oder solche Informationen l\u00f6schen k\u00f6nnen.<\/p>\n\n<p>Wenn Sie jetzt, da Sie wissen, welche Cookies wir verwenden und wof\u00fcr wir sie verwenden, gerne unsere Webseite verwenden w\u00fcrden, klicken Sie bitte auf \u201eCookies akzeptieren\u201c auf der untenstehenden Symbolleiste.<\/p>\n\n<p>Wenn Sie kontrollieren m\u00f6chten, welche Cookies verwendet werden, dann stehen Ihnen die folgenden Optionen zur Verf\u00fcgung:<\/p>\n\n<ul><li>Klicken Sie auf der untenstehenden Symbolleiste auf den Button \u201eCookies ablehnen\u201c. Dies wird Google Analytics deaktivieren, aber die Sitzungscookies auf unserer Webseite bleiben aktiv. <\/li><li>Browsen Sie die Webseite mit der Einstellung Ihres Browsers f\u00fcr anonyme Nutzung, die in Chrome \u201eInkognito\u201c, \u201eInPrivate\u201c im Internet Explorer und \u201ePrivates Surfen\u201c in Firefox und Safari genannt wird.<\/li><li><p>Diese Webseite nicht benutzen und alle SecureDD Cookies aus Ihrem Internetbrowser entfernen. Um alle Cookies, die sich bereits auf Ihrem Computer befinden zu l\u00f6schen, m\u00f6chten wir Sie auf <a href=\"http:\/\/www.aboutcookies.org\/\">aboutcookies.org\u00a0<\/a> f\u00fcr detaillierte Instruktionen bez\u00fcglich Ihres Browsertyps verweisen. Sie m\u00fcssen in Ihren Cookie-Ordnern nach \"SecureDD.nl\" suchen, wenn Sie eine L\u00f6schung durchf\u00fchren m\u00f6chten.<\/p><\/li><\/ul>\n<p>ACHTUNG: Wenn Sie die Cookies nicht akzeptieren, dann k\u00f6nnen wir nicht mehr \u00fcber das Verhalten der Besucher unserer Webseite erfahren, was uns hilft, Ihr Besuchserlebnis auf unserer Webseite zu verbessern. Es kann auch einige Bereiche der Webseite nicht nutzbar machen.<\/p>\n\n<p>Cookies zu verweigern, wenn Sie unsere L\u00f6sungen verwenden, kann Ihren Administrator davon abhalten, einige Aspekte der L\u00f6sung zu verwalten. Bitte kontaktieren Sie Ihren Administrator, um Cookies zu besprechen.<\/p>\n\n<h3><p><strong>4. Zug\u00e4nglichkeitsstrategie<\/strong><\/p><\/h3>\n\n<p>SecureDD ist ein registrierter Handelsname von Secure International BV, einer Aktiengesellschaft, die in Gouda in den Niederlanden registriert ist.<\/p>\n\n<p>SecureDD wird alles in seiner Macht Stehende tun, damit alle Seiten dieser Webseiten mindestens dem Level 1 Standard der Richtlinien f\u00fcr barrierefreie Webinhalte der W3C entspricht. Wir werden kontinuierlich Verbesserungen vornehmen und sicherstellen, dass diese Webseite diesen Richtlinien entspricht. SecureDD &amp; SecureDD sind nicht f\u00fcr die Zug\u00e4nglichkeit von Webseiten dritter Parteien verantwortlich, zu der die Webseite linken kann. Bez\u00fcglich der Einrichtung von Onlinedienstleistungen haben wir eine Reihe von Funktionen implementiert, die diese Webseite leicht nutzbar machen, besonders f\u00fcr Nutzer mit Behinderung. Die folgenden Funktionen verbessern die Navigation f\u00fcr Textbrowser, Nutzer von Bildschirmleseprogrammen und Nutzer von Tastaturnavigation.<\/p>\n\n<ol><li>Style Diese Webseite verwendet Cascading Style Sheets (CSS) f\u00fcr das visuelle Layout. Wenn Ihr Browser diese Funktion unterst\u00fctzt, dann k\u00f6nnen Style Sheets deaktiviert oder \u00fcberschrieben werden, um das Erscheinungsbild der Webseite gem\u00e4\u00df Ihrer Vorlieben zu personalisieren.<\/li><li>Tabbing Wir sind uns dessen bewusst, dass nicht alle Personen, die unsere Webseite benutzen, eine Maus verwenden k\u00f6nnen; wir werden sicherstellen, dass alle unsere Webseiten logisch mit Hilfe der Tabulator-Taste angesehen werden k\u00f6nnen. Wenn Sie die \u201eTabulator\u201c-Taste dr\u00fccken, w\u00e4hrend Sie sich auf einer Webseite befinden, dann wird der n\u00e4chste Link auf der Seite ausgew\u00e4hlt. Sie k\u00f6nnen \u201eTabulator\u201c wiederholt dr\u00fccken, um zum gew\u00fcnschten Link zu gelangen. Der ausgew\u00e4hlte Link wird durch einen gepunkteten Rahmen um den Link angezeigt. Wenn Sie den gew\u00fcnschten Link ausgew\u00e4hlt haben, dann k\u00f6nnen Sie ihn aktivieren, indem Sie auf die \u201eEingabe\u201c-Taste auf Ihrer Tastatur klicken. Sie k\u00f6nnen sich r\u00fcckw\u00e4rts durch die Links bewegen, wenn Sie \u201eUmschaltung\u201c + \u201eTabulator\u201c gemeinsam dr\u00fccken.<\/li><li>Schrift Sie k\u00f6nnen die Schriftgr\u00f6\u00dfe jeder Seite bez\u00fcglich Ihrer Vorlieben \u00fcber den Browser ver\u00e4ndern.<\/li><\/ol>\n<ul><li>Im Internet Explorer w\u00e4hlen Sie \u201eAnsicht\u201c, dann \u201eTextgr\u00f6\u00dfe\u201c und dann Ihre bevorzugte Gr\u00f6\u00dfe. In Firefox dr\u00fccken Sie \u201eStrg+\u201c, um die Schriftgr\u00f6\u00dfe zu vergr\u00f6\u00dfern und \u201eStrg-\u201e, um Sie zu verringern. \u201eStrg 0\u201c wird die Gr\u00f6\u00dfe auf die Voreinstellung zur\u00fccksetzen. <\/li><li>In Chrome dr\u00fccken Sie \u201eStrg+\u201c, um die Schriftgr\u00f6\u00dfe zu vergr\u00f6\u00dfern und \u201eStrg+\u201c, um sie zu verringern. \u201eStrg 0\u201c wird die Gr\u00f6\u00dfe auf die Voreinstellung zur\u00fccksetzen. <\/li><li>In Safari w\u00e4hlen Sie \u201eAnsicht\", dann \u201eTextgr\u00f6\u00dfe\" und dann Ihre bevorzugte Gr\u00f6\u00dfe<\/li><li>In Opera w\u00e4hlen Sie \u201eAnsicht\", dann \u201eTextgr\u00f6\u00dfe\" und dann Ihre bevorzugte Gr\u00f6\u00dfe<\/li><\/ul>\n<ol><li>Wir benutzen Labels, um beim Zugang zu Formularfeldern zu helfen. Alle Formulare erm\u00f6glichen eine logische Tab-Folge.<\/li><li>Die Seite wurde so entworfen, dass sie durch ihre Farbkombinationen leicht lesbar ist. Wenn Sie Schwierigkeiten damit haben, Teile der Webseite zu lesen, versuchen Sie, die Schriftgr\u00f6\u00dfe zu vergr\u00f6\u00dfern oder das Erscheinungsbild Ihres Browsers zu ver\u00e4ndern.<\/li><li>Wir haben hart daran gearbeitet sicherzustellen, dass unsere Links aussagekr\u00e4ftig sind und einige Links werden in gr\u00f6\u00dferem Detail durch die Verwendung eines Titel-Attributes erkl\u00e4rt, wenn Sie mit der Maus \u00fcber sie fahren.<\/li><li>JaveScript kann verwendet werden, um die Benutzung der Webseite zu verbessern. Alle Seiten und Prozesse sind noch immer zug\u00e4nglich, auch wenn JavaScript deaktiviert oder nicht verf\u00fcgbar ist. Flash kann auf der Webseite verwendet werden, um die Erfahrung des Nutzers zu verbessern. Wir bem\u00fchen uns sicherzustellen, dass der Nutzer, auch wenn er nicht das richtige Plugin f\u00fcr Flash-Elemente hat, dennoch Zugriff zum Kerninhalt der Webseite hat.<\/li><li>Die Webseite wurde auf HTML5 und CSS 2.0 Standards erstellt. Um die Qualit\u00e4t des Codes und die Aufrechterhaltung der Standards sicherzustellen, f\u00fchren wir regelm\u00e4\u00dfige \u00dcberpr\u00fcfungen durch.<\/li><li>Diese Webseite wird in Browsern, die diese Standards unterst\u00fctzen funktionieren und das beabsichtigte Aussehen haben. Die bekanntesten darunter: <\/li><\/ol>\n<ul><li>Internet Explorer (neueste Version), Firefox, Chrome, Safari und Opera f\u00fcr Windows.<\/li><li>Safari, Chrome und Firefox f\u00fcr Mac OS X<\/li><\/ul>\n<p>Wenn Sie keinen dieser Browser installiert haben, oder es Ihnen nicht m\u00f6glich ist, Ihren Browser zu aktualisieren, dann kann es sein, dass die Webseite f\u00fcr Sie leichter zu nutzen ist, wenn Sie CSS vollkommen deaktivieren. Bitte werfen Sie einen Blick in die Hilfedokumentation Ihres Browsers, um weitere Informationen zu erhalten.<\/p>\n\n<h3><p><strong>5. IHRE RECHTE AUS\u00dcBEN<\/strong><\/p><\/h3>\n\n<p>Wo SecureDD der Datenverwalter ist. Sie k\u00f6nnen Ihre Zustimmung zur Verarbeitung Ihrer Daten zur\u00fcckziehen, Informationen \u00fcber alle pers\u00f6nlichen Daten, die wir von Ihnen gespeichert haben, anfragen, oder uns bitten diese Informationen zu berichtigen oder zu l\u00f6schen, indem Sie uns eine E-Mail an support qsecuredd.nl senden. Bitte beschreiben Sie Ihre Anforderungen sehr genau. Es kann sein, dass Ihnen ein Formular zugesandt wird, das Sie ausf\u00fcllen m\u00fcssen und dass Sie dann gebeten werden, sich auszuweisen.<\/p>\n\n<p>Wo SecureDD der Datenverarbeiter ist. Wenn Sie unsere Dienstleistungen nutzen, die Ihnen durch eine vertragliche Vereinbarung zur Verf\u00fcgung gestellt werden, dann m\u00fcssen Sie Antr\u00e4ge, Ihre Zustimmung zu widerrufen, Antr\u00e4ge, Informationen, die wir \u00fcber Sie speichern, zu korrigieren oder zu l\u00f6schen und Anfragen f\u00fcr Informationen an den Datenschutzbeauftragten Ihrer Firma senden, der die entsprechenden Schritte unternehmen wird und die Anfrage, wenn notwendig, an uns weiterleiten wird. <\/p>\n\n<p>Andere Webseiten. Es kann sein, dass unsere Webseite von Zeit zu Zeit Links zu und von anderen Webseiten unserer Partnernetzwerke, Werber und Tochtergesellschaften enth\u00e4lt. Wenn Sie einem Link zu einer dieser Webseiten folgen, beachten Sie bitte, dass diese Webseiten ihre eignen Datenschutzrichtlinien haben und wir keine Verantwortung oder Haftung f\u00fcr diese Richtlinien \u00fcbernehmen. Bitte \u00fcberpr\u00fcfen Sie diese Richtlinien, bevor Sie diesen Webseiten pers\u00f6nliche Informationen \u00fcberlassen.<\/p>\n\n<p><p>Alle Ver\u00e4nderungen, die wir an unseren Datenschutzrichtlinien vornehmen, werden auf dieser Seite bekanntgegeben. Bitte kommen Sie regelm\u00e4\u00dfig hierher zur\u00fcck, um Updates oder Ver\u00e4nderungen in unseren Datenschutzrichtlinien zu sehen.\u00a0<\/p><\/p>\n","protected":false},"excerpt":{"rendered":"<p>SECUREDD nimmt den Schutz Ihrer Daten ernst. Nach den zur Zeit in den Niederlanden geltenden Datenschutzgesetzen wird Marketing-Information, die w\u00e4hrend Ihres Besuchs auf unserer Seite und\/oder Ihres Kontaktes mit uns gesammelt wird, von uns aufgezeichnet und kontrolliert. Somit sind wir der Datenverantwortliche f\u00fcr die Art von Daten. Die Basis f\u00fcr die Verarbeitung dieses Datentyps ist [&hellip;]<\/p>\n","protected":false},"author":1,"featured_media":0,"parent":0,"menu_order":0,"comment_status":"closed","ping_status":"open","template":"","meta":[],"acf":[],"_links":{"self":[{"href":"https:\/\/securedd.nl\/de\/wp-json\/wp\/v2\/pages\/369"}],"collection":[{"href":"https:\/\/securedd.nl\/de\/wp-json\/wp\/v2\/pages"}],"about":[{"href":"https:\/\/securedd.nl\/de\/wp-json\/wp\/v2\/types\/page"}],"author":[{"embeddable":true,"href":"https:\/\/securedd.nl\/de\/wp-json\/wp\/v2\/users\/1"}],"replies":[{"embeddable":true,"href":"https:\/\/securedd.nl\/de\/wp-json\/wp\/v2\/comments?post=369"}],"version-history":[{"count":1,"href":"https:\/\/securedd.nl\/de\/wp-json\/wp\/v2\/pages\/369\/revisions"}],"predecessor-version":[{"id":370,"href":"https:\/\/securedd.nl\/de\/wp-json\/wp\/v2\/pages\/369\/revisions\/370"}],"wp:attachment":[{"href":"https:\/\/securedd.nl\/de\/wp-json\/wp\/v2\/media?parent=369"}],"curies":[{"name":"wp","href":"https:\/\/api.w.org\/{rel}","templated":true}]}}